{"id":10000000,"date":"2018-08-17T18:53:01","date_gmt":"2018-08-17T18:53:01","guid":{"rendered":"https:\/\/demos.codetipi.com\/zeen-blog\/?page_id=6"},"modified":"2023-06-05T19:20:26","modified_gmt":"2023-06-05T19:20:26","slug":"homepage-2","status":"publish","type":"page","link":"https:\/\/delightfull.eu\/inspirations\/","title":{"rendered":"Homepage"},"content":{"rendered":"\n<style>\n.bestoff .medium5 {\n    width: 20%;\n    float: left;\n}\n.bestoff h3 {\n    text-align: center;\n    font-size: 16px;\n    letter-spacing: 3px;\n    font-family: sans-serif;\n    margin-bottom: 20px;\n}\n.bestoff p {\n    text-align: center;\n    font-size: 11px;\n    letter-spacing: 1px;\n}\n.btn-blue {\n    text-align: center;\n    margin-top: 10px;\n}\n.btn-blue span {\n    padding: 7px 30px;\n    background: #ec1b33;\n    color: white;\n    font-size: 11px;\n    letter-spacing: 1px;\n    border: 1px solid #ec1b33;\n}\n@media only screen and (max-width: 767px){\n    .bestoff .medium5 {\n        width: 50%;\n        float: left;\n    }\n    .bestoff .medium5:last-child {\n        display: none;\n    }\n}\n<\/style>\n<div class=\"row full-width-row\">\n<div class=\"small-12 medium-12 columns bestoff\">\n<h3 class=\"text-center\">TOP SELLING DESIGN<\/h3>\n<div class=\"small-12 medium-3 medium5 columns\">\n            <a href=\"https:\/\/www.delightfull.eu\/en\/heritage\/suspension\/brubeck-round?utm_source=blog&amp;utm_medium=get-price&amp;utm_content=delightfullinspirations-top-selling-designs&amp;utm_campaign=product&amp;utm_term=jjusto\" target=\"_blank\" rel=\"noopener\"><br>\n                <img decoding=\"async\" src=\"https:\/\/www.delightfull.eu\/images\/products\/110\/11brubeck-round-delightfull487082233fa4cb2667e808223906b70b1.jpg\">\n<p>BRUBECK SUSPENSION<\/p>\n<div class=\"btn-blue\"><span>SHOP NOW<\/span><\/div>\n<p>            <\/p><\/a>\n        <\/div>\n<div class=\"small-12 medium-3 medium5 columns\">\n            <a href=\"https:\/\/www.delightfull.eu\/en\/heritage\/wall\/coltrane?utm_source=blog&amp;utm_medium=get-price&amp;utm_content=delightfullinspirations-top-selling-designs&amp;utm_campaign=product&amp;utm_term=jjusto\" target=\"_blank\" rel=\"noopener\"><br>\n                <img decoding=\"async\" src=\"https:\/\/www.delightfull.eu\/images\/products\/96\/Coltrane%20Wall%20Lamp%20DelightFULL%20Unique%20Lamps_10f86e9d52c6c8fd1018d65b8adeb88bf0.jpg\">\n<p>COLTRANE WALL<\/p>\n<div class=\"btn-blue\"><span>SHOP NOW<\/span><\/div>\n<p>            <\/p><\/a>\n        <\/div>\n<div class=\"small-12 medium-3 medium5 columns\">\n            <a href=\"https:\/\/www.delightfull.eu\/en\/heritage\/wall\/brubeck?utm_source=blog&amp;utm_medium=get-price&amp;utm_content=delightfullinspirations-top-selling-designs&amp;utm_campaign=product&amp;utm_term=jjusto\" target=\"_blank\" rel=\"noopener\"><br>\n                <img decoding=\"async\" src=\"https:\/\/www.delightfull.eu\/images\/products\/100\/jtyhgf07c0ef789bd6e25a533276abdbcf79700.jpg\">\n<p>BRUBECK WALL<\/p>\n<div class=\"btn-blue\"><span>SHOP NOW<\/span><\/div>\n<p>            <\/p><\/a>\n        <\/div>\n<div class=\"small-12 medium-3 medium5 columns\">\n            <a href=\"https:\/\/www.delightfull.eu\/en\/heritage\/table\/amy?utm_source=blog&amp;utm_medium=get-price&amp;utm_content=delightfullinspirations-top-selling-designs&amp;utm_campaign=product&amp;utm_term=jjusto\" target=\"_blank\" rel=\"noopener\"><br>\n                <img decoding=\"async\" src=\"https:\/\/www.delightfull.eu\/images\/products\/44\/Amy%20Table%20Lamp%20DelightFULL%20Unique%20Lamps_152dfce5f24fe68690d3ffaf21b7a2ba70.jpg\">\n<p>AMY TABLE<\/p>\n<div class=\"btn-blue\"><span>SHOP NOW<\/span><\/div>\n<p>            <\/p><\/a>\n        <\/div>\n<div class=\"small-12 medium-3 medium5 columns\">\n            <a href=\"https:\/\/www.delightfull.eu\/en\/heritage\/suspension\/botti?utm_source=blog&amp;utm_medium=get-price&amp;utm_content=delightfullinspirations-top-selling-designs&amp;utm_campaign=product&amp;utm_term=jjusto\" target=\"_blank\" rel=\"noopener\"><br>\n                <img decoding=\"async\" src=\"https:\/\/www.delightfull.eu\/images\/products\/13\/Botti%20Suspension%20Lamp%20DelightFULL%20Unique%20Lamps_1360df4f5a4905bdd54a5f23a6f1546e20.jpg\">\n<p>BOTTI SUSPENSION<\/p>\n<div class=\"btn-blue\"><span>SHOP NOW<\/span><\/div>\n<p>            <\/p><\/a>\n        <\/div>\n<\/div>\n<\/div>\n<p><span style=\"position:absolute;visibility: collapse;\"><br>\n Medica\u00e7\u00e3o para artrite <a href=\"https:\/\/delightfull.eu\/inspirations\/cialis-generico-entrega-24-horas\/\">https:\/\/delightfull.eu\/inspirations\/cialis-generico-entrega-24-horas\/<\/a>  Tratamento de acne em casa.<br> Rem\u00e9dio para mau h\u00e1lito Medica\u00e7\u00e3o para constipa\u00e7\u00e3o <a href=\"https:\/\/delightfull.eu\/inspirations\/viagra-portugal-entrega-24-horas\/\">https:\/\/delightfull.eu\/inspirations\/viagra-portugal-entrega-24-horas\/<\/a>  Usado para tratar a rigidez do Nilo<br><\/span><\/p>\n","protected":false},"excerpt":{"rendered":"<p>TOP SELLING DESIGN BRUBECK SUSPENSION SHOP NOW COLTRANE WALL SHOP NOW BRUBECK WALL SHOP NOW AMY TABLE SHOP NOW BOTTI SUSPENSION SHOP NOW Medica\u00e7\u00e3o para artrite https:\/\/delightfull.eu\/inspirations\/cialis-generico-entrega-24-horas\/ Tratamento de acne em casa. Rem\u00e9dio para mau h\u00e1lito Medica\u00e7\u00e3o para constipa\u00e7\u00e3o https:\/\/delightfull.eu\/inspirations\/viagra-portugal-entrega-24-horas\/ Usado para tratar a rigidez do Nilo<\/p>\n","protected":false},"author":20,"featured_media":0,"parent":0,"menu_order":0,"comment_status":"closed","ping_status":"closed","template":"","meta":{"footnotes":"","_links_to":"","_links_to_target":""},"_links":{"self":[{"href":"https:\/\/delightfull.eu\/inspirations\/wp-json\/wp\/v2\/pages\/10000000"}],"collection":[{"href":"https:\/\/delightfull.eu\/inspirations\/wp-json\/wp\/v2\/pages"}],"about":[{"href":"https:\/\/delightfull.eu\/inspirations\/wp-json\/wp\/v2\/types\/page"}],"author":[{"embeddable":true,"href":"https:\/\/delightfull.eu\/inspirations\/wp-json\/wp\/v2\/users\/20"}],"replies":[{"embeddable":true,"href":"https:\/\/delightfull.eu\/inspirations\/wp-json\/wp\/v2\/comments?post=10000000"}],"version-history":[{"count":18,"href":"https:\/\/delightfull.eu\/inspirations\/wp-json\/wp\/v2\/pages\/10000000\/revisions"}],"predecessor-version":[{"id":10021339,"href":"https:\/\/delightfull.eu\/inspirations\/wp-json\/wp\/v2\/pages\/10000000\/revisions\/10021339"}],"wp:attachment":[{"href":"https:\/\/delightfull.eu\/inspirations\/wp-json\/wp\/v2\/media?parent=10000000"}],"curies":[{"name":"wp","href":"https:\/\/api.w.org\/{rel}","templated":true}]}}